{"id":8,"date":"2025-03-03T13:42:51","date_gmt":"2025-03-03T13:42:51","guid":{"rendered":"https:\/\/practicasarte.uniandes.edu.co\/?page_id=8"},"modified":"2026-02-11T15:59:11","modified_gmt":"2026-02-11T15:59:11","slug":"pp","status":"publish","type":"page","link":"https:\/\/practicasarte.uniandes.edu.co\/","title":{"rendered":""},"content":{"rendered":"<div class=\"wp-block-image is-style-rounded\">\n<figure class=\"aligncenter size-full\"><img loading=\"lazy\" decoding=\"async\" width=\"500\" height=\"376\" src=\"https:\/\/practicasarte.uniandes.edu.co\/wp-content\/uploads\/2025\/03\/giphy-ezgif.com-optimize3.gif\" alt=\"\" class=\"wp-image-78\"\/><\/figure>\n<\/div>\n\n\n<p class=\"has-text-align-center has-text-color has-link-color wp-elements-416787f0ed10146732cb56046f695c02\" style=\"color:#09b500\"><mark style=\"background-color:rgba(0, 0, 0, 0);color:#858585\" class=\"has-inline-color\">.<\/mark><\/p>\n\n\n\n<p class=\"has-medium-font-size\"><strong><mark style=\"background-color:rgba(0, 0, 0, 0)\" class=\"has-inline-color has-pale-cyan-blue-color\">\u00bfQui\u00e9nes pueden comenzar a cursar Pr\u00e1cticas?<\/mark><\/strong><\/p>\n\n\n\n<p>Puede hacerlo toda persona inscrita como estudiante del pregrado del Departamento de Arte que haya cursado el <strong>55%<\/strong> de cr\u00e9ditos del programa.<\/p>\n\n\n\n<p><\/p>\n\n\n\n<hr class=\"wp-block-separator has-text-color has-pale-pink-color has-alpha-channel-opacity has-pale-pink-background-color has-background is-style-wide\"\/>\n\n\n\n<p><\/p>\n\n\n\n<p class=\"has-medium-font-size\"><strong><mark style=\"background-color:rgba(0, 0, 0, 0)\" class=\"has-inline-color has-pale-cyan-blue-color\">\u00bfQui\u00e9nes pueden ofrecer Pr\u00e1cticas?<\/mark><\/strong><\/p>\n\n\n\n<p>Cualquier empresa, organizaci\u00f3n, colectividad o persona, independientemente de su constituci\u00f3n formal como \u00abempresa\u00bb, que proponga una o varias pr\u00e1cticas para estudiantes de pregrado en arte, siempre que las actividades est\u00e9n vinculadas al arte y la cultura. Vea la pesta\u00f1a de <a href=\"https:\/\/practicasarte.uniandes.edu.co\/?page_id=105\" data-type=\"page\" data-id=\"105\">Incripci\u00f3n de \u00abEmpresa\u00bb en el CTP<\/a> para saber m\u00e1s e inscrirse como \u00abempresa\u00bb (es necesario contar con registro en la C\u00e1mara de Comercio o tener alguna vinculaci\u00f3n como docente o por v\u00eda de un proyecto en curso con la Universidad de los Andes).<\/p>\n\n\n\n<p><\/p>\n\n\n\n<hr class=\"wp-block-separator has-text-color has-pale-pink-color has-alpha-channel-opacity has-pale-pink-background-color has-background is-style-wide\"\/>\n\n\n\n<p class=\"has-medium-font-size\"><strong><mark style=\"background-color:rgba(0, 0, 0, 0)\" class=\"has-inline-color has-pale-cyan-blue-color\">Hay tres (3) modalidades de Pr\u00e1cticas<\/mark><\/strong><\/p>\n\n\n\n<p><strong><mark style=\"background-color:rgba(0, 0, 0, 0);color:#fce000\" class=\"has-inline-color\">PR\u00c1CTICA PROFESIONAL<\/mark><\/strong> ><strong>Diecis\u00e9is (16) horas<\/strong> a la semana* > <strong>55%<\/strong> de cr\u00e9ditos cursados<\/p>\n\n\n\n<p><strong><mark style=\"background-color:rgba(0, 0, 0, 0);color:#fce000\" class=\"has-inline-color\">PR\u00c1CTICA COMO ANTREPROYECTO<\/mark><\/strong> <strong>Diecis\u00e9is (16) horas*<\/strong> a la semana > > Equivale a ANTEPROYECTO > 81% de cr\u00e9ditos cursados<\/p>\n\n\n\n<p><strong><mark style=\"background-color:rgba(0, 0, 0, 0);color:#fce000\" class=\"has-inline-color\">PR\u00c1CTICA COMO PROYECTO DE GRADO<\/mark><\/strong> > Equivale a <strong>PROYECTO FINAL DE GRADO<\/strong> > <strong>Medio tiempo<\/strong>:<strong>diecis\u00e9is (16) a veintidos (22) horas <\/strong> > Debe haber cursado <strong>Pr\u00e1ctica Acad\u00e9mica<\/strong> <strong>Obligatoria <\/strong>+ <strong>81%<\/strong> de cr\u00e9ditos cursados<\/p>\n\n\n\n<p>* Estas horas pueden ser de trabajo remoto, en horarios flexibles, por cumplimiento de tarea, pueden contemplar incluir los tiempos de transporte y, lo importante, es que se llegue a un acuerdo inicial y se haga un cronograma de trabajo entre estudiante y empleador desde el inicio de la pr\u00e1ctica\u00a0<\/p>\n\n\n\n<hr class=\"wp-block-separator has-text-color has-pale-pink-color has-alpha-channel-opacity has-pale-pink-background-color has-background is-style-wide\"\/>\n\n\n\n<p class=\"has-medium-font-size\"><mark style=\"background-color:rgba(0, 0, 0, 0)\" class=\"has-inline-color has-pale-cyan-blue-color\"><strong>\u00bfQu\u00e9 hacer<\/strong>?<\/mark><\/p>\n\n\n\n<p>1. Para cursar la <strong>Pr\u00e1ctica Profesional<\/strong>, revise su historial acad\u00e9mico y aseg\u00farese de haber cursado al menos el 55% de los cr\u00e9ditos del programa. Si usted quiere cursar <strong>Practica Acad\u00e9mica Obligatoria<\/strong> y <strong>Pr\u00e1ctica como Proyecto de Grado<\/strong>&nbsp;debe enviar la aplicaci\u00f3n antes del comienzo del semestre acad\u00e9mico en que quiera iniciar este ciclo de dos cursos.<\/p>\n\n\n\n<p>2. Durante el semestre anterior a la Pr\u00e1ctica, revise la oferta de Pr\u00e1cticas. Consulte la pesta\u00f1a de Pr\u00e1cticas en esta p\u00e1gina y luego visite <a href=\"https:\/\/ctp.uniandes.edu.co\/\">ctp.uniandes.edu.co<\/a>. En la secci\u00f3n de <a href=\"https:\/\/practicasarte.uniandes.edu.co\/?page_id=94\" data-type=\"page\" data-id=\"94\">Portafolio de Pr\u00e1cticas<\/a> encontrar\u00e1 el listado de pr\u00e1cticas ofrecidas por el Departamento de Arte &gt; <a href=\"https:\/\/practicasarte.uniandes.edu.co\/?page_id=94\" data-type=\"page\" data-id=\"94\">Portafolio de Pr\u00e1cticas<\/a><\/p>\n\n\n\n<p>3. En caso de que tenga una propuesta autogestionada de Pr\u00e1ctica, antes del proceso de inscripci\u00f3n de materias, pida a la instituci\u00f3n, organizaci\u00f3n o persona que se inscriba como \u00abEmpresa\u00bb en la p\u00e1gina del Centro de Trayectoria Profesional. La inscripci\u00f3n requiere que se tenga un registro ante la C\u00e1mara de Comercio. Consulte las instrucciones en la pesta\u00f1a del men\u00fa > <a href=\"https:\/\/practicasarte.uniandes.edu.co\/?page_id=105\" data-type=\"page\" data-id=\"105\">Inscripci\u00f3n de \u00abempresa\u00bb en el CTP<\/a><\/p>\n\n\n\n<p>4. Para postularse a una pr\u00e1ctica inscrita en la oferta del CTP, escriba a escriba a Jenny Rico al correo <a href=\"mailto:j.rico@uniandes.edu.co\">j.rico@uniandes.edu.co<\/a>. Ella le dar\u00e1 autorizaci\u00f3n para acceder a la secci\u00f3n de Ofertas de Pr\u00e1ctica en la plataforma del CTP.<\/p>\n\n\n\n<p>5. Una vez diligencie su postulaci\u00f3n, deber\u00e1 esperar respuesta de la persona encargada en el sitio que ofrece la Pr\u00e1ctica para concertar una cita.<\/p>\n\n\n\n<p>6. En caso de aceptaci\u00f3n a la Pr\u00e1ctica, usted podr\u00e1 formalizar la pr\u00e1ctica enviando un correo a Jenny Rico, Coordinadora Acad\u00e9mica del Departamento de Arte, a <a href=\"mailto:j.rico@uniandes.edu.co\">j.rico@uniandes.edu.co<\/a><\/p>\n\n\n\n<p>7. El siguiente paso es la apertura del proceso de legalizaci\u00f3n de la Pr\u00e1ctica. Haga contacto con el CTP para formalizar dicho proceso: <a href=\"mailto:practicasctp@uniandes.edu.co\">practicasctp@uniandes.edu.co<\/a><\/p>\n\n\n\n<p>8. Una vez completado el proceso de legalizaci\u00f3n con el CTP, escriba a Jenny Rico, <a href=\"mailto:j.rico@uniandes.edu.co\">j.rico@uniandes.edu.co<\/a>, para que realice la inscripci\u00f3n en Banner.<\/p>\n\n\n\n<p>9. Al comenzar el semestre, recibir\u00e1 un mensaje del CTP para una reuni\u00f3n con las personas inscritas en las Pr\u00e1cticas. Adem\u00e1s, la persona encargada de la coordinaci\u00f3n de Pr\u00e1cticas de la planta profesoral del Departamento de Arte le enviar\u00e1 un mensaje para concertar un encuentro virtual general.<\/p>\n\n\n\n<p>10. Al final del semestre, se realizar\u00e1 en el Departamento de Arte un encuentro presencial donde cada persona presentar\u00e1 una breve cr\u00f3nica en formato de texto acompa\u00f1ado de im\u00e1genes o en formato de video. Consulte los ejemplos de cr\u00f3nica de Pr\u00e1cticas en la pesta\u00f1a del men\u00fa &gt; <a href=\"https:\/\/practicasarte.uniandes.edu.co\/?page_id=149\" data-type=\"page\" data-id=\"149\">Informes de Pr\u00e1cticas<\/a><\/p>\n\n\n\n<p><\/p>\n\n\n\n<hr class=\"wp-block-separator has-text-color has-pale-pink-color has-alpha-channel-opacity has-pale-pink-background-color has-background is-style-wide\"\/>\n\n\n\n<p><\/p>\n\n\n\n<p class=\"has-text-align-center has-medium-font-size\">Documentos del Centro de Trayectoria Profesional<\/p>\n\n\n\n<p class=\"has-text-align-center has-medium-font-size\"> <a href=\"https:\/\/ctp.uniandes.edu.co\/\">https:\/\/ctp.uniandes.edu.co\/<\/a><\/p>\n\n\n\n<p><\/p>\n\n\n\n<div data-wp-interactive=\"core\/file\" class=\"wp-block-file\"><object data-wp-bind--hidden=\"!state.hasPdfPreview\" hidden class=\"wp-block-file__embed\" data=\"https:\/\/practicasarte.uniandes.edu.co\/wp-content\/uploads\/2025\/03\/Folleto-Practicas-2025-2-Estudiantes.pdf\" type=\"application\/pdf\" style=\"width:100%;height:600px\" aria-label=\"Incrustado de Folleto Pr\u00e1cticas 2025-2 (Estudiantes).\"><\/object><a id=\"wp-block-file--media-ba129431-44bb-40c8-89e9-68e330ece75c\" href=\"https:\/\/practicasarte.uniandes.edu.co\/wp-content\/uploads\/2025\/03\/Folleto-Practicas-2025-2-Estudiantes.pdf\">Folleto Pr\u00e1cticas 2025-2 (Estudiantes)<\/a><a href=\"https:\/\/practicasarte.uniandes.edu.co\/wp-content\/uploads\/2025\/03\/Folleto-Practicas-2025-2-Estudiantes.pdf\" class=\"wp-block-file__button wp-element-button\" download aria-describedby=\"wp-block-file--media-ba129431-44bb-40c8-89e9-68e330ece75c\">Descarga<\/a><\/div>\n\n\n\n<div class=\"wp-block-file\"><a id=\"wp-block-file--media-4139e2c4-f74e-4382-a5c4-ccb1421aed3b\" href=\"https:\/\/practicasarte.uniandes.edu.co\/wp-content\/uploads\/2025\/03\/Folletos-Estudiantes-y-Egresados-16-04-21.pdf\">Folletos Estudiantes y Egresados-16-04-21<\/a><a href=\"https:\/\/practicasarte.uniandes.edu.co\/wp-content\/uploads\/2025\/03\/Folletos-Estudiantes-y-Egresados-16-04-21.pdf\" class=\"wp-block-file__button wp-element-button\" download aria-describedby=\"wp-block-file--media-4139e2c4-f74e-4382-a5c4-ccb1421aed3b\">Descarga<\/a><\/div>\n\n\n\n<figure class=\"wp-block-image size-large\"><img loading=\"lazy\" decoding=\"async\" width=\"765\" height=\"1024\" src=\"https:\/\/practicasarte.uniandes.edu.co\/wp-content\/uploads\/2025\/03\/Folletos-Estudiantes-y-Egresados-16-04-21_Page_1-765x1024.jpg\" alt=\"\" class=\"wp-image-115\" srcset=\"https:\/\/practicasarte.uniandes.edu.co\/wp-content\/uploads\/2025\/03\/Folletos-Estudiantes-y-Egresados-16-04-21_Page_1-765x1024.jpg 765w, https:\/\/practicasarte.uniandes.edu.co\/wp-content\/uploads\/2025\/03\/Folletos-Estudiantes-y-Egresados-16-04-21_Page_1-224x300.jpg 224w, https:\/\/practicasarte.uniandes.edu.co\/wp-content\/uploads\/2025\/03\/Folletos-Estudiantes-y-Egresados-16-04-21_Page_1-768x1028.jpg 768w, https:\/\/practicasarte.uniandes.edu.co\/wp-content\/uploads\/2025\/03\/Folletos-Estudiantes-y-Egresados-16-04-21_Page_1-1147x1536.jpg 1147w, https:\/\/practicasarte.uniandes.edu.co\/wp-content\/uploads\/2025\/03\/Folletos-Estudiantes-y-Egresados-16-04-21_Page_1-1529x2048.jpg 1529w, https:\/\/practicasarte.uniandes.edu.co\/wp-content\/uploads\/2025\/03\/Folletos-Estudiantes-y-Egresados-16-04-21_Page_1-143x192.jpg 143w, https:\/\/practicasarte.uniandes.edu.co\/wp-content\/uploads\/2025\/03\/Folletos-Estudiantes-y-Egresados-16-04-21_Page_1-scaled.jpg 1912w\" sizes=\"auto, (max-width: 765px) 100vw, 765px\" \/><\/figure>\n\n\n\n<p><\/p>\n\n\n\n<figure class=\"wp-block-image size-large\"><img loading=\"lazy\" decoding=\"async\" width=\"1024\" height=\"460\" src=\"https:\/\/practicasarte.uniandes.edu.co\/wp-content\/uploads\/2025\/03\/Folletos-Estudiantes-y-Egresados-16-04-21_Page_2-1024x460.jpg\" alt=\"\" class=\"wp-image-117\" srcset=\"https:\/\/practicasarte.uniandes.edu.co\/wp-content\/uploads\/2025\/03\/Folletos-Estudiantes-y-Egresados-16-04-21_Page_2-1024x460.jpg 1024w, https:\/\/practicasarte.uniandes.edu.co\/wp-content\/uploads\/2025\/03\/Folletos-Estudiantes-y-Egresados-16-04-21_Page_2-300x135.jpg 300w, https:\/\/practicasarte.uniandes.edu.co\/wp-content\/uploads\/2025\/03\/Folletos-Estudiantes-y-Egresados-16-04-21_Page_2-768x345.jpg 768w, https:\/\/practicasarte.uniandes.edu.co\/wp-content\/uploads\/2025\/03\/Folletos-Estudiantes-y-Egresados-16-04-21_Page_2-1536x690.jpg 1536w, https:\/\/practicasarte.uniandes.edu.co\/wp-content\/uploads\/2025\/03\/Folletos-Estudiantes-y-Egresados-16-04-21_Page_2-2048x920.jpg 2048w, https:\/\/practicasarte.uniandes.edu.co\/wp-content\/uploads\/2025\/03\/Folletos-Estudiantes-y-Egresados-16-04-21_Page_2-192x86.jpg 192w\" sizes=\"auto, (max-width: 1024px) 100vw, 1024px\" \/><\/figure>\n\n\n\n<p><\/p>\n\n\n\n<figure class=\"wp-block-image size-large\"><img loading=\"lazy\" decoding=\"async\" width=\"747\" height=\"1024\" src=\"https:\/\/practicasarte.uniandes.edu.co\/wp-content\/uploads\/2025\/03\/Folletos-Estudiantes-y-Egresados-16-04-21_Page_3-747x1024.jpg\" alt=\"\" class=\"wp-image-118\" srcset=\"https:\/\/practicasarte.uniandes.edu.co\/wp-content\/uploads\/2025\/03\/Folletos-Estudiantes-y-Egresados-16-04-21_Page_3-747x1024.jpg 747w, https:\/\/practicasarte.uniandes.edu.co\/wp-content\/uploads\/2025\/03\/Folletos-Estudiantes-y-Egresados-16-04-21_Page_3-219x300.jpg 219w, https:\/\/practicasarte.uniandes.edu.co\/wp-content\/uploads\/2025\/03\/Folletos-Estudiantes-y-Egresados-16-04-21_Page_3-768x1053.jpg 768w, https:\/\/practicasarte.uniandes.edu.co\/wp-content\/uploads\/2025\/03\/Folletos-Estudiantes-y-Egresados-16-04-21_Page_3-1120x1536.jpg 1120w, https:\/\/practicasarte.uniandes.edu.co\/wp-content\/uploads\/2025\/03\/Folletos-Estudiantes-y-Egresados-16-04-21_Page_3-1493x2048.jpg 1493w, https:\/\/practicasarte.uniandes.edu.co\/wp-content\/uploads\/2025\/03\/Folletos-Estudiantes-y-Egresados-16-04-21_Page_3-140x192.jpg 140w, https:\/\/practicasarte.uniandes.edu.co\/wp-content\/uploads\/2025\/03\/Folletos-Estudiantes-y-Egresados-16-04-21_Page_3-scaled.jpg 1867w\" sizes=\"auto, (max-width: 747px) 100vw, 747px\" \/><\/figure>\n\n\n\n<p><\/p>\n\n\n\n<figure class=\"wp-block-image size-large\"><img loading=\"lazy\" decoding=\"async\" width=\"769\" height=\"1024\" src=\"https:\/\/practicasarte.uniandes.edu.co\/wp-content\/uploads\/2025\/03\/Folletos-Estudiantes-y-Egresados-16-04-21_Page_4-769x1024.jpg\" alt=\"\" class=\"wp-image-119\" srcset=\"https:\/\/practicasarte.uniandes.edu.co\/wp-content\/uploads\/2025\/03\/Folletos-Estudiantes-y-Egresados-16-04-21_Page_4-769x1024.jpg 769w, https:\/\/practicasarte.uniandes.edu.co\/wp-content\/uploads\/2025\/03\/Folletos-Estudiantes-y-Egresados-16-04-21_Page_4-225x300.jpg 225w, https:\/\/practicasarte.uniandes.edu.co\/wp-content\/uploads\/2025\/03\/Folletos-Estudiantes-y-Egresados-16-04-21_Page_4-768x1023.jpg 768w, https:\/\/practicasarte.uniandes.edu.co\/wp-content\/uploads\/2025\/03\/Folletos-Estudiantes-y-Egresados-16-04-21_Page_4-1153x1536.jpg 1153w, https:\/\/practicasarte.uniandes.edu.co\/wp-content\/uploads\/2025\/03\/Folletos-Estudiantes-y-Egresados-16-04-21_Page_4-1538x2048.jpg 1538w, https:\/\/practicasarte.uniandes.edu.co\/wp-content\/uploads\/2025\/03\/Folletos-Estudiantes-y-Egresados-16-04-21_Page_4-144x192.jpg 144w, https:\/\/practicasarte.uniandes.edu.co\/wp-content\/uploads\/2025\/03\/Folletos-Estudiantes-y-Egresados-16-04-21_Page_4-scaled.jpg 1922w\" sizes=\"auto, (max-width: 769px) 100vw, 769px\" \/><\/figure>\n\n\n\n<p><\/p>\n\n\n\n<hr class=\"wp-block-separator has-text-color has-pale-pink-color has-alpha-channel-opacity has-pale-pink-background-color has-background is-style-wide\"\/>\n\n\n\n<p><\/p>\n\n\n<div class=\"wp-block-image is-style-rounded\">\n<figure class=\"aligncenter size-full is-resized\"><img loading=\"lazy\" decoding=\"async\" width=\"245\" height=\"184\" src=\"https:\/\/practicasarte.uniandes.edu.co\/wp-content\/uploads\/2025\/03\/metropolis-clock-gif.gif\" alt=\"\" class=\"wp-image-144\" style=\"width:487px;height:auto\"\/><\/figure>\n<\/div>","protected":false},"excerpt":{"rendered":"<p>. \u00bfQui\u00e9nes pueden comenzar a cursar Pr\u00e1cticas? Puede hacerlo toda persona inscrita como estudiante del pregrado del Departamento de Arte que haya cursado el 55% de cr\u00e9ditos del programa. \u00bfQui\u00e9nes pueden ofrecer Pr\u00e1cticas? Cualquier empresa, organizaci\u00f3n, colectividad o persona, independientemente de su constituci\u00f3n formal como \u00abempresa\u00bb, que proponga una o varias pr\u00e1cticas para estudiantes de &hellip; <a href=\"https:\/\/practicasarte.uniandes.edu.co\/\" class=\"more-link\">Contin\u00faa leyendo <span class=\"screen-reader-text\"><\/span><\/a><\/p>\n","protected":false},"author":2,"featured_media":0,"parent":0,"menu_order":0,"comment_status":"closed","ping_status":"closed","template":"","meta":{"footnotes":""},"class_list":["post-8","page","type-page","status-publish","hentry"],"_links":{"self":[{"href":"https:\/\/practicasarte.uniandes.edu.co\/index.php?rest_route=\/wp\/v2\/pages\/8","targetHints":{"allow":["GET"]}}],"collection":[{"href":"https:\/\/practicasarte.uniandes.edu.co\/index.php?rest_route=\/wp\/v2\/pages"}],"about":[{"href":"https:\/\/practicasarte.uniandes.edu.co\/index.php?rest_route=\/wp\/v2\/types\/page"}],"author":[{"embeddable":true,"href":"https:\/\/practicasarte.uniandes.edu.co\/index.php?rest_route=\/wp\/v2\/users\/2"}],"replies":[{"embeddable":true,"href":"https:\/\/practicasarte.uniandes.edu.co\/index.php?rest_route=%2Fwp%2Fv2%2Fcomments&post=8"}],"version-history":[{"count":61,"href":"https:\/\/practicasarte.uniandes.edu.co\/index.php?rest_route=\/wp\/v2\/pages\/8\/revisions"}],"predecessor-version":[{"id":249,"href":"https:\/\/practicasarte.uniandes.edu.co\/index.php?rest_route=\/wp\/v2\/pages\/8\/revisions\/249"}],"wp:attachment":[{"href":"https:\/\/practicasarte.uniandes.edu.co\/index.php?rest_route=%2Fwp%2Fv2%2Fmedia&parent=8"}],"curies":[{"name":"wp","href":"https:\/\/api.w.org\/{rel}","templated":true}]}}