{"id":94,"date":"2025-03-03T17:21:29","date_gmt":"2025-03-03T17:21:29","guid":{"rendered":"https:\/\/practicasarte.uniandes.edu.co\/?page_id=94"},"modified":"2025-12-09T22:33:45","modified_gmt":"2025-12-09T22:33:45","slug":"oferta-de-practicas","status":"publish","type":"page","link":"https:\/\/practicasarte.uniandes.edu.co\/?page_id=94","title":{"rendered":"Portafolio de PR\u00c1CTICAS"},"content":{"rendered":"\n<p>Esta p\u00e1gina tiene un listado parcial de oferta de PR\u00c1CTICAS y los datos de contacto.<\/p>\n\n\n\n<p>IMPORTANTE: <\/p>\n\n\n\n<p>1. Usted puede ver la oferta de Pr\u00e1cticas ofrecidas por el Centro de Trayectoria Profesional abriendo sesi\u00f3n en su p\u00e1gina de Oficia > <a href=\"https:\/\/oficia.uniandes.edu.co\/uniandes\/auth\/login\">https:\/\/oficia.uniandes.edu.co\/uniandes<\/a><\/p>\n\n\n\n<p>2. A la vez, puede ver el listado que aqu\u00ed ofrecemos con los datos y por v\u00eda de los datos hacer contacto directo para ofrecerse a esa pr\u00e1ctica.<\/p>\n\n\n\n<p>3. Una tercera v\u00eda es la posibilidad de que usted haga directamente el contacto con un sitio o persona donde haya un inter\u00e9s mutuo para ofrecer una pr\u00e1ctica. Si este es el caso pueden inscribir esa oferta aqu\u00ed <a href=\"https:\/\/practicasarte.uniandes.edu.co\/?page_id=105\" data-type=\"page\" data-id=\"105\">Inscripci\u00f3n de \u00abEmpresa\u00bb en el CTP<\/a>. y comunicarlo a j.rico@uniandes.edu.co, con copia a <a href=\"mailto:luospina@uniandes.edu.co\">luospina@uniandes.edu.co<\/a><br><\/p>\n\n\n\n<p class=\"has-large-font-size\"><strong>Oferta parcial de Pr\u00e1cticas<\/strong><\/p>\n\n\n\n<p><\/p>\n\n\n\n<p class=\"has-medium-font-size\"><strong>Facultad de Artes y Humanidades \/ Departamento de Arte<\/strong><\/p>\n\n\n\n<p>Pr\u00e1cticas en producci\u00f3n del Podcast Puntos de Fuga > <a href=\"mailto:luospina@uniandes.edu.co\">luospina@uniandes.edu.co<\/a><\/p>\n\n\n\n<p>Pr\u00e1cticas En L\u00ednea De Patrimonio > <a href=\"mailto:mo.fernandez@uniandes.edu.co\">mo.fernandez@uniandes.edu.co<\/a><\/p>\n\n\n\n<p>Pr\u00e1cticas BADAC 2024-ll > <a href=\"https:\/\/facartes.uniandes.edu.co\/badac\/practicas-en-el-banco-de-archivos-digitales-de-artes-en-colombia-badac-2025-2\/\">https:\/\/facartes.uniandes.edu.co\/badac\/practicas-en-el-banco-de-archivos-digitales-de-artes-en-colombia-badac-2025-2\/<\/a><\/p>\n\n\n\n<p>Pr\u00e1ctica en Hoja Gonz\u00e1lez > <a href=\"mailto:luospina@uniandes.edu.co\">luospina@uniandes.edu.co<\/a><\/p>\n\n\n\n<p>Pr\u00e1ctica en La 40: arte y justicia > <a href=\"mailto:luospina@uniandes.edu.co\">luospina@uniandes.edu.co<\/a><\/p>\n\n\n\n<p>Pr\u00e1ctica en Archivo Gr\u00e1fico de la Revista Alternativa 40 > <a href=\"mailto:luospina@uniandes.edu.co\">luospina@uniandes.edu.co<\/a><\/p>\n\n\n\n<p><\/p>\n\n\n\n<p class=\"has-medium-font-size\"><strong>Otros sitios:<\/strong><\/p>\n\n\n\n<p>Centro de investigaci\u00f3n MAMBO<\/p>\n\n\n\n<p>Ministerio De Cultura &#8211; Biblioteca Nacional > <\/p>\n\n\n\n<p>Galer\u00eda Elvira Cecilia Moreno Gonz\u00e1lez ><\/p>\n\n\n\n<p>Montenegro Art Projects ><\/p>\n\n\n\n<p>Fundaci\u00f3n Teatro Ode\u00f3n > <\/p>\n\n\n\n<p>Pr\u00e1ctica En Aeiot\u00fa &gt; <a href=\"mailto:sergio.hernandez@aeiotu.org\">sergio.hernandez@aeiotu.org<\/a><\/p>\n\n\n\n<p>Pr\u00e1ctica En Cer\u00e1mica En El&nbsp;Taller Part\u00edcula&nbsp;De&nbsp;Sal\u00f3n Comunal &gt; <a href=\"mailto:bernardo@saloncomunal.co\">bernardo@saloncomunal.co<\/a> &gt;<\/p>\n\n\n\n<p>Pr\u00e1ctica En Casa Fuego &gt; <a href=\"mailto:hola.casafuego@gmail.co\">hola.casafuego@gmail.co<\/a><\/p>\n\n\n\n<p>Galer\u00eda La Cometa &gt; <a href=\"mailto:nacardenas@galerialacometa.com\">info@galerialacometa.com<\/a><\/p>\n\n\n\n<p>Bogot\u00e1 Auctions &gt; <a href=\"mailto:mariajuliana@bogotaauctions.com\">mariajuliana@bogotaauctions.com<\/a><\/p>\n\n\n\n<p><\/p>\n\n\n\n<p><\/p>\n\n\n\n<p><\/p>\n","protected":false},"excerpt":{"rendered":"<p>Esta p\u00e1gina tiene un listado parcial de oferta de PR\u00c1CTICAS y los datos de contacto. IMPORTANTE: 1. Usted puede ver la oferta de Pr\u00e1cticas ofrecidas por el Centro de Trayectoria Profesional abriendo sesi\u00f3n en su p\u00e1gina de Oficia > https:\/\/oficia.uniandes.edu.co\/uniandes 2. A la vez, puede ver el listado que aqu\u00ed ofrecemos con los datos y &hellip; <a href=\"https:\/\/practicasarte.uniandes.edu.co\/?page_id=94\" class=\"more-link\">Contin\u00faa leyendo <span class=\"screen-reader-text\">Portafolio de PR\u00c1CTICAS<\/span><\/a><\/p>\n","protected":false},"author":2,"featured_media":0,"parent":0,"menu_order":0,"comment_status":"closed","ping_status":"closed","template":"","meta":{"footnotes":""},"class_list":["post-94","page","type-page","status-publish","hentry"],"_links":{"self":[{"href":"https:\/\/practicasarte.uniandes.edu.co\/index.php?rest_route=\/wp\/v2\/pages\/94","targetHints":{"allow":["GET"]}}],"collection":[{"href":"https:\/\/practicasarte.uniandes.edu.co\/index.php?rest_route=\/wp\/v2\/pages"}],"about":[{"href":"https:\/\/practicasarte.uniandes.edu.co\/index.php?rest_route=\/wp\/v2\/types\/page"}],"author":[{"embeddable":true,"href":"https:\/\/practicasarte.uniandes.edu.co\/index.php?rest_route=\/wp\/v2\/users\/2"}],"replies":[{"embeddable":true,"href":"https:\/\/practicasarte.uniandes.edu.co\/index.php?rest_route=%2Fwp%2Fv2%2Fcomments&post=94"}],"version-history":[{"count":5,"href":"https:\/\/practicasarte.uniandes.edu.co\/index.php?rest_route=\/wp\/v2\/pages\/94\/revisions"}],"predecessor-version":[{"id":243,"href":"https:\/\/practicasarte.uniandes.edu.co\/index.php?rest_route=\/wp\/v2\/pages\/94\/revisions\/243"}],"wp:attachment":[{"href":"https:\/\/practicasarte.uniandes.edu.co\/index.php?rest_route=%2Fwp%2Fv2%2Fmedia&parent=94"}],"curies":[{"name":"wp","href":"https:\/\/api.w.org\/{rel}","templated":true}]}}